{"id":10,"date":"2025-04-25T18:34:09","date_gmt":"2025-04-25T21:34:09","guid":{"rendered":"https:\/\/karinabarrelo.com\/bio10\/?page_id=10"},"modified":"2025-05-08T12:28:29","modified_gmt":"2025-05-08T15:28:29","slug":"bio","status":"publish","type":"page","link":"https:\/\/karinabarrelo.com\/bio10\/","title":{"rendered":"bio"},"content":{"rendered":"\t\t<div data-elementor-type=\"wp-page\" data-elementor-id=\"10\" class=\"elementor elementor-10\">\n\t\t\t\t<div class=\"elementor-element elementor-element-62b435c e-flex e-con-boxed e-con e-parent\" data-id=\"62b435c\" data-element_type=\"container\">\n\t\t\t\t\t<div class=\"e-con-inner\">\n\t\t<div class=\"elementor-element elementor-element-381e462 e-con-full e-flex e-con e-child\" data-id=\"381e462\" data-element_type=\"container\">\n\t\t\t\t<div class=\"elementor-element elementor-element-2ab4528 elementor-widget elementor-widget-image\" data-id=\"2ab4528\" data-element_type=\"widget\" data-widget_type=\"image.default\">\n\t\t\t\t<div class=\"elementor-widget-container\">\n\t\t\t\t\t\t\t\t\t\t\t\t\t\t\t<img fetchpriority=\"high\" decoding=\"async\" width=\"800\" height=\"800\" src=\"https:\/\/karinabarrelo.com\/bio10\/wp-content\/uploads\/2025\/04\/IMG_0085-1024x1024.png\" class=\"attachment-large size-large wp-image-74\" alt=\"\" srcset=\"https:\/\/karinabarrelo.com\/bio10\/wp-content\/uploads\/2025\/04\/IMG_0085-1024x1024.png 1024w, https:\/\/karinabarrelo.com\/bio10\/wp-content\/uploads\/2025\/04\/IMG_0085-300x300.png 300w, https:\/\/karinabarrelo.com\/bio10\/wp-content\/uploads\/2025\/04\/IMG_0085-150x150.png 150w, https:\/\/karinabarrelo.com\/bio10\/wp-content\/uploads\/2025\/04\/IMG_0085-768x768.png 768w, https:\/\/karinabarrelo.com\/bio10\/wp-content\/uploads\/2025\/04\/IMG_0085-1536x1536.png 1536w, https:\/\/karinabarrelo.com\/bio10\/wp-content\/uploads\/2025\/04\/IMG_0085.png 1563w\" sizes=\"(max-width: 800px) 100vw, 800px\" \/>\t\t\t\t\t\t\t\t\t\t\t\t\t\t\t<\/div>\n\t\t\t\t<\/div>\n\t\t\t\t<\/div>\n\t\t\t\t<div class=\"elementor-element elementor-element-95317ae elementor-widget elementor-widget-text-editor\" data-id=\"95317ae\" data-element_type=\"widget\" data-widget_type=\"text-editor.default\">\n\t\t\t\t<div class=\"elementor-widget-container\">\n\t\t\t\t\t\t\t\t\t<p><strong>Dra. Karina Barrelo<\/strong><\/p>\t\t\t\t\t\t\t\t<\/div>\n\t\t\t\t<\/div>\n\t\t\t\t<div class=\"elementor-element elementor-element-7c6926f elementor-widget elementor-widget-text-editor\" data-id=\"7c6926f\" data-element_type=\"widget\" data-widget_type=\"text-editor.default\">\n\t\t\t\t<div class=\"elementor-widget-container\">\n\t\t\t\t\t\t\t\t\t<p>Sua melhor vers\u00e3o come\u00e7a aqui!<\/p>\t\t\t\t\t\t\t\t<\/div>\n\t\t\t\t<\/div>\n\t\t\t\t\t<\/div>\n\t\t\t\t<\/div>\n\t\t<div class=\"elementor-element elementor-element-abfef68 e-flex e-con-boxed e-con e-parent\" data-id=\"abfef68\" data-element_type=\"container\">\n\t\t\t\t\t<div class=\"e-con-inner\">\n\t\t<div class=\"elementor-element elementor-element-3b17478 e-con-full e-flex e-con e-child\" data-id=\"3b17478\" data-element_type=\"container\">\n\t\t<a class=\"elementor-element elementor-element-656b12d e-con-full e-flex e-con e-child\" data-id=\"656b12d\" data-element_type=\"container\" data-settings=\"{&quot;background_background&quot;:&quot;classic&quot;}\" href=\"https:\/\/wa.me\/message\/ZPGZ5FSA7VC3D1\">\n\t\t\t\t<div class=\"elementor-element elementor-element-8cceedd elementor-widget elementor-widget-text-editor\" data-id=\"8cceedd\" data-element_type=\"widget\" data-widget_type=\"text-editor.default\">\n\t\t\t\t<div class=\"elementor-widget-container\">\n\t\t\t\t\t\t\t\t\t<p>Informa\u00e7\u00f5es sobre procedimentos<\/p>\t\t\t\t\t\t\t\t<\/div>\n\t\t\t\t<\/div>\n\t\t\t\t<\/a>\n\t\t<a class=\"elementor-element elementor-element-f73c6e0 e-con-full e-flex e-con e-child\" data-id=\"f73c6e0\" data-element_type=\"container\" data-settings=\"{&quot;background_background&quot;:&quot;classic&quot;}\" href=\"https:\/\/api.whatsapp.com\/send?phone=5511992963049&#038;text=Ol%C3%A1,%20Gostaria%20de%20informa%C3%A7%C3%B5es%20sobre%20a%20mentoria%20com%20a%20Dra%20Karina%20Barrelo.\">\n\t\t\t\t<div class=\"elementor-element elementor-element-60d385d elementor-widget elementor-widget-text-editor\" data-id=\"60d385d\" data-element_type=\"widget\" data-widget_type=\"text-editor.default\">\n\t\t\t\t<div class=\"elementor-widget-container\">\n\t\t\t\t\t\t\t\t\t<p>Informa\u00e7\u00f5es sobre mentoria<\/p>\t\t\t\t\t\t\t\t<\/div>\n\t\t\t\t<\/div>\n\t\t\t\t<\/a>\n\t\t<a class=\"elementor-element elementor-element-ef96334 e-con-full e-flex e-con e-child\" data-id=\"ef96334\" data-element_type=\"container\" data-settings=\"{&quot;background_background&quot;:&quot;classic&quot;}\" href=\"https:\/\/maps.app.goo.gl\/8Bi9U1pm8ui9bTMj7\">\n\t\t\t\t<div class=\"elementor-element elementor-element-96e4c23 elementor-widget elementor-widget-text-editor\" data-id=\"96e4c23\" data-element_type=\"widget\" data-widget_type=\"text-editor.default\">\n\t\t\t\t<div class=\"elementor-widget-container\">\n\t\t\t\t\t\t\t\t\t<p>Nosso endere\u00e7o<\/p>\t\t\t\t\t\t\t\t<\/div>\n\t\t\t\t<\/div>\n\t\t\t\t<\/a>\n\t\t<a class=\"elementor-element elementor-element-8260212 e-con-full e-flex e-con e-child\" data-id=\"8260212\" data-element_type=\"container\" data-settings=\"{&quot;background_background&quot;:&quot;classic&quot;}\" href=\"https:\/\/clinicakarinabarrelo.com.br\/\">\n\t\t\t\t<div class=\"elementor-element elementor-element-533226a elementor-widget elementor-widget-text-editor\" data-id=\"533226a\" data-element_type=\"widget\" data-widget_type=\"text-editor.default\">\n\t\t\t\t<div class=\"elementor-widget-container\">\n\t\t\t\t\t\t\t\t\t<p>Nosso site<\/p>\t\t\t\t\t\t\t\t<\/div>\n\t\t\t\t<\/div>\n\t\t\t\t<\/a>\n\t\t\t\t<\/div>\n\t\t\t\t\t<\/div>\n\t\t\t\t<\/div>\n\t\t<div class=\"elementor-element elementor-element-9a4dbf9 e-flex e-con-boxed e-con e-parent\" data-id=\"9a4dbf9\" data-element_type=\"container\" data-settings=\"{&quot;background_background&quot;:&quot;classic&quot;}\">\n\t\t\t\t\t<div class=\"e-con-inner\">\n\t\t<div class=\"elementor-element elementor-element-6904679 e-con-full e-flex e-con e-child\" data-id=\"6904679\" data-element_type=\"container\">\n\t\t\t\t<div class=\"elementor-element elementor-element-156c2ee elementor-widget elementor-widget-text-editor\" data-id=\"156c2ee\" data-element_type=\"widget\" data-widget_type=\"text-editor.default\">\n\t\t\t\t<div class=\"elementor-widget-container\">\n\t\t\t\t\t\t\t\t\t<p>Karina Barrelo &#8211; Todos os Direitos Reservados.&nbsp;<\/p>\t\t\t\t\t\t\t\t<\/div>\n\t\t\t\t<\/div>\n\t\t\t\t<\/div>\n\t\t\t\t\t<\/div>\n\t\t\t\t<\/div>\n\t\t\t\t<\/div>\n\t\t","protected":false},"excerpt":{"rendered":"<p>Dra. Karina Barrelo Sua melhor vers\u00e3o come\u00e7a aqui! Informa\u00e7\u00f5es sobre procedimentos Informa\u00e7\u00f5es sobre mentoria Nosso endere\u00e7o Nosso site Karina Barrelo &#8211; Todos os Direitos Reservados.&nbsp;<\/p>\n","protected":false},"author":1,"featured_media":0,"parent":0,"menu_order":0,"comment_status":"closed","ping_status":"closed","template":"elementor_canvas","meta":{"footnotes":""},"class_list":["post-10","page","type-page","status-publish","hentry"],"_links":{"self":[{"href":"https:\/\/karinabarrelo.com\/bio10\/index.php?rest_route=\/wp\/v2\/pages\/10","targetHints":{"allow":["GET"]}}],"collection":[{"href":"https:\/\/karinabarrelo.com\/bio10\/index.php?rest_route=\/wp\/v2\/pages"}],"about":[{"href":"https:\/\/karinabarrelo.com\/bio10\/index.php?rest_route=\/wp\/v2\/types\/page"}],"author":[{"embeddable":true,"href":"https:\/\/karinabarrelo.com\/bio10\/index.php?rest_route=\/wp\/v2\/users\/1"}],"replies":[{"embeddable":true,"href":"https:\/\/karinabarrelo.com\/bio10\/index.php?rest_route=%2Fwp%2Fv2%2Fcomments&post=10"}],"version-history":[{"count":112,"href":"https:\/\/karinabarrelo.com\/bio10\/index.php?rest_route=\/wp\/v2\/pages\/10\/revisions"}],"predecessor-version":[{"id":135,"href":"https:\/\/karinabarrelo.com\/bio10\/index.php?rest_route=\/wp\/v2\/pages\/10\/revisions\/135"}],"wp:attachment":[{"href":"https:\/\/karinabarrelo.com\/bio10\/index.php?rest_route=%2Fwp%2Fv2%2Fmedia&parent=10"}],"curies":[{"name":"wp","href":"https:\/\/api.w.org\/{rel}","templated":true}]}}